{"id":43,"date":"2025-09-22T01:47:02","date_gmt":"2025-09-22T01:47:02","guid":{"rendered":"https:\/\/leonycanoconsultoria.com\/?page_id=43"},"modified":"2025-09-24T01:43:03","modified_gmt":"2025-09-24T01:43:03","slug":"quienes-somos","status":"publish","type":"page","link":"https:\/\/leonycanoconsultoria.com\/index.php\/quienes-somos\/","title":{"rendered":"Qui\u00e9nes somos"},"content":{"rendered":"<div class=\"wp-block-image\">\n<figure class=\"aligncenter size-full is-resized\"><img loading=\"lazy\" decoding=\"async\" width=\"273\" height=\"125\" src=\"https:\/\/leonycanoconsultoria.com\/wp-content\/uploads\/2025\/09\/Leon-y-cano-high-1.png\" alt=\"\" class=\"wp-image-105\" style=\"width:308px;height:auto\"\/><\/figure>\n<\/div>\n\n\n<p><\/p>\n\n\n\n<p>Somos <strong>Le\u00f3n &amp; Cano<\/strong>, una empresa de<strong> consultor\u00eda pol\u00edtica<\/strong> que hace encuestas, estudios de mercado y mediciones de opini\u00f3n p\u00fablica en todo el pa\u00eds con m\u00e1s de 20 a\u00f1os de experiencia.<\/p>\n\n\n\n<p>Nos hemos caracterizado por ofrecer a nuestros clientes <strong>calidad, compromiso, experiencia profesional, asesoramiento y soluciones personalizadas<\/strong>. Aseguramos la confiabilidad de la informaci\u00f3n que entregamos a nuestros clientes, nos preocupamos tanto por la calidad de la informaci\u00f3n recolectada, como por el acompa\u00f1amiento estrat\u00e9gico que se desprende de los datos procesados, de tal manera que la toma de decisiones estar\u00e1 orientada siempre hacia el \u00e9xito y a la minimizaci\u00f3n de errores.<\/p>\n\n\n\n<p>Leon &amp; Cano nace de la necesidad de construir una empresa especializada en la consultor\u00eda pol\u00edtica, porque cuando las decisiones pol\u00edticas se sustentan en investigaci\u00f3n seria y en datos confiables, se fortalece la democracia. Hoy en d\u00eda los datos son la br\u00fajula que orientan las decisiones p\u00fablicas hacia el verdadero bienestar ciudadano.<\/p>\n\n\n\n<p>Se extingue la era de los vende humos, y empieza la era de los que entienden que, para ganar, hay que tener el poder de los datos, porque ya no se improvisa, se mide.<\/p>\n","protected":false},"excerpt":{"rendered":"<p>Somos Le\u00f3n &amp; Cano, una empresa de consultor\u00eda pol\u00edtica que hace encuestas, estudios de mercado y mediciones de opini\u00f3n p\u00fablica en todo el pa\u00eds con m\u00e1s de 20 a\u00f1os de experiencia. Nos hemos caracterizado por ofrecer a nuestros clientes calidad, compromiso, experiencia profesional, asesoramiento y soluciones personalizadas. Aseguramos la confiabilidad de la informaci\u00f3n que entregamos [&hellip;]<\/p>\n","protected":false},"author":1,"featured_media":0,"parent":0,"menu_order":0,"comment_status":"closed","ping_status":"closed","template":"page-templates\/about-two.php","meta":{"footnotes":""},"class_list":["post-43","page","type-page","status-publish","hentry"],"_links":{"self":[{"href":"https:\/\/leonycanoconsultoria.com\/index.php\/wp-json\/wp\/v2\/pages\/43","targetHints":{"allow":["GET"]}}],"collection":[{"href":"https:\/\/leonycanoconsultoria.com\/index.php\/wp-json\/wp\/v2\/pages"}],"about":[{"href":"https:\/\/leonycanoconsultoria.com\/index.php\/wp-json\/wp\/v2\/types\/page"}],"author":[{"embeddable":true,"href":"https:\/\/leonycanoconsultoria.com\/index.php\/wp-json\/wp\/v2\/users\/1"}],"replies":[{"embeddable":true,"href":"https:\/\/leonycanoconsultoria.com\/index.php\/wp-json\/wp\/v2\/comments?post=43"}],"version-history":[{"count":6,"href":"https:\/\/leonycanoconsultoria.com\/index.php\/wp-json\/wp\/v2\/pages\/43\/revisions"}],"predecessor-version":[{"id":106,"href":"https:\/\/leonycanoconsultoria.com\/index.php\/wp-json\/wp\/v2\/pages\/43\/revisions\/106"}],"wp:attachment":[{"href":"https:\/\/leonycanoconsultoria.com\/index.php\/wp-json\/wp\/v2\/media?parent=43"}],"curies":[{"name":"wp","href":"https:\/\/api.w.org\/{rel}","templated":true}]}}