{"id":49,"date":"2025-09-22T02:00:38","date_gmt":"2025-09-22T02:00:38","guid":{"rendered":"https:\/\/leonycanoconsultoria.com\/?page_id=49"},"modified":"2025-09-26T01:18:03","modified_gmt":"2025-09-26T01:18:03","slug":"servicios","status":"publish","type":"page","link":"https:\/\/leonycanoconsultoria.com\/index.php\/servicios\/","title":{"rendered":"Servicios"},"content":{"rendered":"\n<p>Le presentamos una propuesta de servicio profesional para fortalecer la toma de decisiones con datos, sea para afianzar la imagen institucional y mejorar la gobernanza, o para estructurar una estrategia pol\u00edtica o electoral.<\/p>\n\n\n\n<p>\u2022&nbsp;&nbsp;&nbsp;&nbsp;&nbsp;&nbsp;&nbsp;&nbsp;&nbsp; Estudios de opini\u00f3n p\u00fablica<\/p>\n\n\n\n<p>\u2022&nbsp;&nbsp;&nbsp;&nbsp;&nbsp;&nbsp;&nbsp;&nbsp;&nbsp; Intenci\u00f3n de voto<\/p>\n\n\n\n<p>\u2022&nbsp;&nbsp;&nbsp;&nbsp;&nbsp;&nbsp;&nbsp;&nbsp;&nbsp; Imagen de gobernantes<\/p>\n\n\n\n<p>\u2022&nbsp;&nbsp;&nbsp;&nbsp;&nbsp;&nbsp;&nbsp;&nbsp;&nbsp; Evaluaci\u00f3n de pol\u00edticas p\u00fablicas<\/p>\n\n\n\n<p>\u2022&nbsp;&nbsp;&nbsp;&nbsp;&nbsp;&nbsp;&nbsp;&nbsp;&nbsp; Diagn\u00f3sticos territoriales participativos<\/p>\n\n\n\n<p>\u2022&nbsp;&nbsp;&nbsp;&nbsp;&nbsp;&nbsp;&nbsp;&nbsp;&nbsp; An\u00e1lisis y Modelaci\u00f3n de Datos<\/p>\n\n\n\n<p>\u2022&nbsp;&nbsp;&nbsp;&nbsp;&nbsp;&nbsp;&nbsp;&nbsp;&nbsp; Simulaciones de escenarios<\/p>\n\n\n\n<p>\u2022&nbsp;&nbsp;&nbsp;&nbsp;&nbsp;&nbsp;&nbsp;&nbsp;&nbsp; Geomarketing y an\u00e1lisis territorial<\/p>\n\n\n\n<p>\u2022&nbsp;&nbsp;&nbsp;&nbsp;&nbsp;&nbsp;&nbsp;&nbsp;&nbsp; An\u00e1lisis de entorno y tendencias<\/p>\n\n\n\n<p>\u2022&nbsp;&nbsp;&nbsp;&nbsp;&nbsp;&nbsp;&nbsp;&nbsp;&nbsp; Investigaci\u00f3n para pol\u00edticas p\u00fablicas<\/p>\n\n\n\n<p>\u2022&nbsp;&nbsp;&nbsp;&nbsp;&nbsp;&nbsp;&nbsp;&nbsp;&nbsp; Estudios de clima organizacional o cultura ciudadana<\/p>\n\n\n\n<p>\u2022&nbsp;&nbsp;&nbsp;&nbsp;&nbsp;&nbsp;&nbsp;&nbsp;&nbsp; Consultor\u00eda para campa\u00f1as pol\u00edticas<\/p>\n\n\n\n<p>\u2022&nbsp;&nbsp;&nbsp;&nbsp;&nbsp;&nbsp;&nbsp;&nbsp;&nbsp; Mapeo de actores o stakeholders<\/p>\n\n\n\n<p>\u2022&nbsp;&nbsp;&nbsp;&nbsp;&nbsp;&nbsp;&nbsp;&nbsp;&nbsp; Estrategia pol\u00edtica y Mercadeo pol\u00edtico<\/p>\n\n\n\n<p>\u2022&nbsp;&nbsp;&nbsp;&nbsp;&nbsp;&nbsp;&nbsp;&nbsp;&nbsp; Campa\u00f1as pol\u00edticas y de Gobernanza<\/p>\n\n\n\n<p>\u2022&nbsp;&nbsp;&nbsp;&nbsp;&nbsp;&nbsp;&nbsp;&nbsp;&nbsp; Campa\u00f1as de Cultura Ciudadana y de bien p\u00fablico<\/p>\n\n\n\n<p>Estos servicios los llevamos a cabo con software especializados \u00fanicos en Am\u00e9rica Latina, junto a un equipo de expertos estad\u00edsticos y de campo, para que la materia prima de sus datos sean los mejores.<\/p>\n","protected":false},"excerpt":{"rendered":"<p>Le presentamos una propuesta de servicio profesional para fortalecer la toma de decisiones con datos, sea para afianzar la imagen institucional y mejorar la gobernanza, o para estructurar una estrategia pol\u00edtica o electoral. \u2022&nbsp;&nbsp;&nbsp;&nbsp;&nbsp;&nbsp;&nbsp;&nbsp;&nbsp; Estudios de opini\u00f3n p\u00fablica \u2022&nbsp;&nbsp;&nbsp;&nbsp;&nbsp;&nbsp;&nbsp;&nbsp;&nbsp; Intenci\u00f3n de voto \u2022&nbsp;&nbsp;&nbsp;&nbsp;&nbsp;&nbsp;&nbsp;&nbsp;&nbsp; Imagen de gobernantes \u2022&nbsp;&nbsp;&nbsp;&nbsp;&nbsp;&nbsp;&nbsp;&nbsp;&nbsp; Evaluaci\u00f3n de pol\u00edticas p\u00fablicas \u2022&nbsp;&nbsp;&nbsp;&nbsp;&nbsp;&nbsp;&nbsp;&nbsp;&nbsp; Diagn\u00f3sticos territoriales participativos [&hellip;]<\/p>\n","protected":false},"author":1,"featured_media":0,"parent":0,"menu_order":0,"comment_status":"closed","ping_status":"closed","template":"","meta":{"footnotes":""},"class_list":["post-49","page","type-page","status-publish","hentry"],"_links":{"self":[{"href":"https:\/\/leonycanoconsultoria.com\/index.php\/wp-json\/wp\/v2\/pages\/49","targetHints":{"allow":["GET"]}}],"collection":[{"href":"https:\/\/leonycanoconsultoria.com\/index.php\/wp-json\/wp\/v2\/pages"}],"about":[{"href":"https:\/\/leonycanoconsultoria.com\/index.php\/wp-json\/wp\/v2\/types\/page"}],"author":[{"embeddable":true,"href":"https:\/\/leonycanoconsultoria.com\/index.php\/wp-json\/wp\/v2\/users\/1"}],"replies":[{"embeddable":true,"href":"https:\/\/leonycanoconsultoria.com\/index.php\/wp-json\/wp\/v2\/comments?post=49"}],"version-history":[{"count":1,"href":"https:\/\/leonycanoconsultoria.com\/index.php\/wp-json\/wp\/v2\/pages\/49\/revisions"}],"predecessor-version":[{"id":50,"href":"https:\/\/leonycanoconsultoria.com\/index.php\/wp-json\/wp\/v2\/pages\/49\/revisions\/50"}],"wp:attachment":[{"href":"https:\/\/leonycanoconsultoria.com\/index.php\/wp-json\/wp\/v2\/media?parent=49"}],"curies":[{"name":"wp","href":"https:\/\/api.w.org\/{rel}","templated":true}]}}