{"id":74,"date":"2025-09-22T03:13:26","date_gmt":"2025-09-22T03:13:26","guid":{"rendered":"https:\/\/leonycanoconsultoria.com\/?page_id=74"},"modified":"2025-09-23T01:59:52","modified_gmt":"2025-09-23T01:59:52","slug":"carlos-julian-leon","status":"publish","type":"page","link":"https:\/\/leonycanoconsultoria.com\/index.php\/quienes-somos\/carlos-julian-leon\/","title":{"rendered":"Carlos Juli\u00e1n Le\u00f3n"},"content":{"rendered":"\n<figure class=\"wp-block-image size-large\"><img loading=\"lazy\" decoding=\"async\" width=\"900\" height=\"1024\" src=\"https:\/\/leonycanoconsultoria.com\/wp-content\/uploads\/2025\/09\/Leon-900x1024.jpg\" alt=\"\" class=\"wp-image-82\" srcset=\"https:\/\/leonycanoconsultoria.com\/wp-content\/uploads\/2025\/09\/Leon-900x1024.jpg 900w, https:\/\/leonycanoconsultoria.com\/wp-content\/uploads\/2025\/09\/Leon-264x300.jpg 264w, https:\/\/leonycanoconsultoria.com\/wp-content\/uploads\/2025\/09\/Leon-768x874.jpg 768w, https:\/\/leonycanoconsultoria.com\/wp-content\/uploads\/2025\/09\/Leon.jpg 1020w\" sizes=\"auto, (max-width: 900px) 100vw, 900px\" \/><\/figure>\n\n\n\n<p>Publicista y mercad\u00f3logo. Especialista en campa\u00f1as pol\u00edticas, con Master en Asesoramiento de Imagen y Consultor\u00eda Pol\u00edtica de la Universidad Camilo Jos\u00e9 Cela en Madrid Espa\u00f1a.<\/p>\n\n\n\n<p>20 a\u00f1os como l\u00edder creativo en la construcci\u00f3n de la narrativa de campa\u00f1as publicitarias pol\u00edticas, con habilidad y destreza en la investigaci\u00f3n de mercados, estad\u00edstica y an\u00e1lisis social vinculada a las l\u00edneas de la comunicaci\u00f3n p\u00fablica y ciudadana, al marketing pol\u00edtico y el desarrollo de imagen corporativa y p\u00fablica.<\/p>\n\n\n\n<p>15 a\u00f1os de experiencia como estratega en m\u00e1s de 25 campa\u00f1as pol\u00edticas y p\u00fablicas en Colombia, en m\u00e1s de 2 docenas de municipios del centro del pa\u00eds y victorias electorales en el Congreso de la Rep\u00fablica. Miembro ACOPOL desde el a\u00f1o 2021.<\/p>\n\n\n\n<p>Ganador de tres \u201cNapolitan Victory Awards\u201d y dos honorables menciones por el desarrollo de exitosas campa\u00f1as municipales en el a\u00f1o 2022, en las \u00e1reas de la consultor\u00eda general de la campa\u00f1a, redacci\u00f3n de piezas publicitarias, jingle musical de campa\u00f1a, y marca ciudad para desarrollo municipal.<\/p>\n","protected":false},"excerpt":{"rendered":"<p>Publicista y mercad\u00f3logo. Especialista en campa\u00f1as pol\u00edticas, con Master en Asesoramiento de Imagen y Consultor\u00eda Pol\u00edtica de la Universidad Camilo Jos\u00e9 Cela en Madrid Espa\u00f1a. 20 a\u00f1os como l\u00edder creativo en la construcci\u00f3n de la narrativa de campa\u00f1as publicitarias pol\u00edticas, con habilidad y destreza en la investigaci\u00f3n de mercados, estad\u00edstica y an\u00e1lisis social vinculada a [&hellip;]<\/p>\n","protected":false},"author":1,"featured_media":0,"parent":43,"menu_order":0,"comment_status":"closed","ping_status":"closed","template":"","meta":{"footnotes":""},"class_list":["post-74","page","type-page","status-publish","hentry"],"_links":{"self":[{"href":"https:\/\/leonycanoconsultoria.com\/index.php\/wp-json\/wp\/v2\/pages\/74","targetHints":{"allow":["GET"]}}],"collection":[{"href":"https:\/\/leonycanoconsultoria.com\/index.php\/wp-json\/wp\/v2\/pages"}],"about":[{"href":"https:\/\/leonycanoconsultoria.com\/index.php\/wp-json\/wp\/v2\/types\/page"}],"author":[{"embeddable":true,"href":"https:\/\/leonycanoconsultoria.com\/index.php\/wp-json\/wp\/v2\/users\/1"}],"replies":[{"embeddable":true,"href":"https:\/\/leonycanoconsultoria.com\/index.php\/wp-json\/wp\/v2\/comments?post=74"}],"version-history":[{"count":2,"href":"https:\/\/leonycanoconsultoria.com\/index.php\/wp-json\/wp\/v2\/pages\/74\/revisions"}],"predecessor-version":[{"id":83,"href":"https:\/\/leonycanoconsultoria.com\/index.php\/wp-json\/wp\/v2\/pages\/74\/revisions\/83"}],"up":[{"embeddable":true,"href":"https:\/\/leonycanoconsultoria.com\/index.php\/wp-json\/wp\/v2\/pages\/43"}],"wp:attachment":[{"href":"https:\/\/leonycanoconsultoria.com\/index.php\/wp-json\/wp\/v2\/media?parent=74"}],"curies":[{"name":"wp","href":"https:\/\/api.w.org\/{rel}","templated":true}]}}