{"id":85,"date":"2025-09-23T02:02:24","date_gmt":"2025-09-23T02:02:24","guid":{"rendered":"https:\/\/leonycanoconsultoria.com\/?page_id=85"},"modified":"2025-09-24T02:08:07","modified_gmt":"2025-09-24T02:08:07","slug":"fernando-cano-hernandez","status":"publish","type":"page","link":"https:\/\/leonycanoconsultoria.com\/index.php\/quienes-somos\/fernando-cano-hernandez\/","title":{"rendered":"Fernando Cano Hern\u00e1ndez"},"content":{"rendered":"\n<figure class=\"wp-block-image size-full\"><img loading=\"lazy\" decoding=\"async\" width=\"1600\" height=\"900\" src=\"https:\/\/leonycanoconsultoria.com\/wp-content\/uploads\/2025\/09\/Cano1.jpg\" alt=\"\" class=\"wp-image-118\" srcset=\"https:\/\/leonycanoconsultoria.com\/wp-content\/uploads\/2025\/09\/Cano1.jpg 1600w, https:\/\/leonycanoconsultoria.com\/wp-content\/uploads\/2025\/09\/Cano1-300x169.jpg 300w, https:\/\/leonycanoconsultoria.com\/wp-content\/uploads\/2025\/09\/Cano1-1024x576.jpg 1024w, https:\/\/leonycanoconsultoria.com\/wp-content\/uploads\/2025\/09\/Cano1-768x432.jpg 768w, https:\/\/leonycanoconsultoria.com\/wp-content\/uploads\/2025\/09\/Cano1-1536x864.jpg 1536w\" sizes=\"auto, (max-width: 1600px) 100vw, 1600px\" \/><\/figure>\n\n\n\n<p>Cuenta con una amplia experiencia de m\u00e1s de 30 a\u00f1os en estudios de opini\u00f3n y asesor\u00eda pol\u00edtica en los 32 estados de la Rep\u00fablica Mexicana, donde ha tenido como clientes a pr\u00e1cticamente todos los partidos pol\u00edticos y ha participado en alrededor de 200 campa\u00f1as electorales dentro y fuera del pa\u00eds. Experto en an\u00e1lisis de datos con enfoque en estrategias de mercadotecnia pol\u00edtica. Egresado de la Facultad de Derecho de la Universidad Nacional Aut\u00f3noma de M\u00e9xico y Licenciado en Mercadotecnia Universidad del Valle de M\u00e9xico (UVM).<\/p>\n\n\n\n<p>Cuenta con varios diplomados, en Mercadotecnia Pol\u00edtica y Opini\u00f3n P\u00fablica. Ha participado en seminarios internacionales como el Seminario Internacional de Mercadotecnia Pol\u00edtica en Madrid, Espa\u00f1a. Seminario de encuestas CIDE, taller de Mercadotecnia pol\u00edtica ITAM, El Seminario de Estrategia Pol\u00edtica en la George Washington University, en Estados Unidos de Am\u00e9rica. Ponente en las cumbres mundiales de mercadotecnia pol\u00edtica en Cartagena Colombia 2015, 2017, y M\u00e9xico 2018. Actualmente Cursando Licenciatura en Psicolog\u00eda en la Universidad Latinoamericana&nbsp;(ULA).<\/p>\n\n\n\n<p><\/p>\n","protected":false},"excerpt":{"rendered":"<p>Cuenta con una amplia experiencia de m\u00e1s de 30 a\u00f1os en estudios de opini\u00f3n y asesor\u00eda pol\u00edtica en los 32 estados de la Rep\u00fablica Mexicana, donde ha tenido como clientes a pr\u00e1cticamente todos los partidos pol\u00edticos y ha participado en alrededor de 200 campa\u00f1as electorales dentro y fuera del pa\u00eds. Experto en an\u00e1lisis de datos [&hellip;]<\/p>\n","protected":false},"author":1,"featured_media":0,"parent":43,"menu_order":0,"comment_status":"closed","ping_status":"closed","template":"page-templates\/blog-grid-view-left-sidebar.php","meta":{"footnotes":""},"class_list":["post-85","page","type-page","status-publish","hentry"],"_links":{"self":[{"href":"https:\/\/leonycanoconsultoria.com\/index.php\/wp-json\/wp\/v2\/pages\/85","targetHints":{"allow":["GET"]}}],"collection":[{"href":"https:\/\/leonycanoconsultoria.com\/index.php\/wp-json\/wp\/v2\/pages"}],"about":[{"href":"https:\/\/leonycanoconsultoria.com\/index.php\/wp-json\/wp\/v2\/types\/page"}],"author":[{"embeddable":true,"href":"https:\/\/leonycanoconsultoria.com\/index.php\/wp-json\/wp\/v2\/users\/1"}],"replies":[{"embeddable":true,"href":"https:\/\/leonycanoconsultoria.com\/index.php\/wp-json\/wp\/v2\/comments?post=85"}],"version-history":[{"count":2,"href":"https:\/\/leonycanoconsultoria.com\/index.php\/wp-json\/wp\/v2\/pages\/85\/revisions"}],"predecessor-version":[{"id":119,"href":"https:\/\/leonycanoconsultoria.com\/index.php\/wp-json\/wp\/v2\/pages\/85\/revisions\/119"}],"up":[{"embeddable":true,"href":"https:\/\/leonycanoconsultoria.com\/index.php\/wp-json\/wp\/v2\/pages\/43"}],"wp:attachment":[{"href":"https:\/\/leonycanoconsultoria.com\/index.php\/wp-json\/wp\/v2\/media?parent=85"}],"curies":[{"name":"wp","href":"https:\/\/api.w.org\/{rel}","templated":true}]}}